{"id":833,"date":"2024-10-24T17:30:41","date_gmt":"2024-10-24T15:30:41","guid":{"rendered":"https:\/\/adrianafeito.com\/?page_id=833"},"modified":"2024-12-20T16:38:21","modified_gmt":"2024-12-20T15:38:21","slug":"politicas-de-cancelacion","status":"publish","type":"page","link":"https:\/\/adrianafeito.com\/en\/politicas-de-cancelacion\/","title":{"rendered":"Pol\u00edticas de Cancelaci\u00f3n"},"content":{"rendered":"<div data-elementor-type=\"wp-page\" data-elementor-id=\"833\" class=\"elementor elementor-833\" data-elementor-post-type=\"page\">\n\t\t\t\t\t\t<section class=\"elementor-section elementor-top-section elementor-element elementor-element-af4e16c elementor-section-boxed elementor-section-height-default elementor-section-height-default\" data-id=\"af4e16c\" data-element_type=\"section\" data-settings=\"{&quot;background_background&quot;:&quot;classic&quot;}\">\n\t\t\t\t\t\t\t<div class=\"elementor-background-overlay\"><\/div>\n\t\t\t\t\t\t\t<div class=\"elementor-container elementor-column-gap-default\">\n\t\t\t\t\t<div class=\"elementor-column elementor-col-100 elementor-top-column elementor-element elementor-element-9085f6f\" data-id=\"9085f6f\" data-element_type=\"column\">\n\t\t\t<div class=\"elementor-widget-wrap elementor-element-populated\">\n\t\t\t\t\t\t<div class=\"elementor-element elementor-element-cd1b65e elementor-widget elementor-widget-heading\" data-id=\"cd1b65e\" data-element_type=\"widget\" data-widget_type=\"heading.default\">\n\t\t\t\t<div class=\"elementor-widget-container\">\n\t\t\t\t\t<h1 class=\"elementor-heading-title elementor-size-default\">Pol\u00edticas de Cancelaci\u00f3n<\/h1>\t\t\t\t<\/div>\n\t\t\t\t<\/div>\n\t\t\t\t\t<\/div>\n\t\t<\/div>\n\t\t\t\t\t<\/div>\n\t\t<\/section>\n\t\t<div class=\"elementor-element elementor-element-456b85b e-flex e-con-boxed e-con e-parent\" data-id=\"456b85b\" data-element_type=\"container\">\n\t\t\t\t\t<div class=\"e-con-inner\">\n\t\t\t\t<div class=\"elementor-element elementor-element-3314c2f9 elementor-widget elementor-widget-text-editor\" data-id=\"3314c2f9\" data-element_type=\"widget\" data-widget_type=\"text-editor.default\">\n\t\t\t\t<div class=\"elementor-widget-container\">\n\t\t\t\t\t\t\t\t\t\n<h3 class=\"wp-block-heading\"><strong>Pol\u00edtica de Cancelaci\u00f3n y Modificaci\u00f3n de Sesiones Individuales<\/strong><\/h3>\n\n<p>Se negociar\u00e1 con el cliente o la clienta en cada caso concreto. No obstante, como regla general, si se cancela una sesi\u00f3n con menos de 24 horas de antelaci\u00f3n no se devolver\u00e1 el importe abonado previamente si el motivo se debe a causas ajenas a Adriana Feito. En el caso de solicitar un cambio de fecha, deber\u00e1 hacerse como m\u00ednimo antes de 24 horas previas a la sesi\u00f3n, para poder reorganizar la agenda con el suficiente margen de tiempo.<br \/>Si no se hace en este plazo se perder\u00e1 la sesi\u00f3n y el importe abonado.<br \/>En ambos supuesto si el pago no se ha hecho por adelantado, ya que se paga al finalizar la sesi\u00f3n, se deber\u00e1 abonar de todos modos.<\/p>\n\n<h3 class=\"wp-block-heading\"><strong>Pol\u00edtica de Cancelaci\u00f3n de Cursos o Talleres Grupales<\/strong><\/h3>\n\n<p>Se negociar\u00e1 con el cliente o la clienta en cada caso concreto. No obstante, como regla general, si se cancela la inscripci\u00f3n cuando las plazas al p\u00fablico ya est\u00e1n cerradas se devolver\u00e1 \u00fanicamente el 50% del importe abonado. Si el cliente o la clienta desea cancelar la inscripci\u00f3n antes de cerrar las plazas al p\u00fablico se devolver\u00e1 un 90% del importe abonado, considerando el 10% restante como gastos de gesti\u00f3n.<\/p>\n\n<h3 class=\"wp-block-heading\"><strong>Pol\u00edtica de Cancelaci\u00f3n de Infoproductos<\/strong><\/h3>\n\n<p>Si el contenido adquirido no es lo que el cliente o la clienta esperaba podr\u00e1 solicitar, en un plazo de 30 d\u00edas desde la adquisici\u00f3n del contenido, Adriana Feito realizar\u00e1 el reembolso del importe abonado. Esta opci\u00f3n de reembolso aplica \u00fanicamente para la compra de ebook, gu\u00eda y\/o cursos online pregrabados.<\/p>\n\t\t\t\t\t\t\t\t<\/div>\n\t\t\t\t<\/div>\n\t\t\t\t\t<\/div>\n\t\t\t\t<\/div>\n\t\t\t\t<\/div>","protected":false},"excerpt":{"rendered":"<p>Pol\u00edtica de Cancelaci\u00f3n y Modificaci\u00f3n de Sesiones Individuales Se negociar\u00e1 con el cliente o la clienta en cada caso concreto. No obstante, como regla general, si se cancela una sesi\u00f3n con menos de 24 horas de antelaci\u00f3n no se devolver\u00e1 el importe abonado previamente si el motivo se debe a causas ajenas a Adriana Feito. [&hellip;]<\/p>","protected":false},"author":2,"featured_media":0,"parent":0,"menu_order":0,"comment_status":"closed","ping_status":"closed","template":"","meta":{"_acf_changed":false,"footnotes":""},"acf":[],"yoast_head":"<!-- This site is optimized with the Yoast SEO plugin v25.3 - https:\/\/yoast.com\/wordpress\/plugins\/seo\/ -->\n<title>Pol\u00edticas de Cancelaci\u00f3n - Adriana Feito<\/title>\n<meta name=\"robots\" content=\"index, follow, max-snippet:-1, max-image-preview:large, max-video-preview:-1\" \/>\n<link rel=\"canonical\" href=\"https:\/\/adrianafeito.com\/en\/politicas-de-cancelacion\/\" \/>\n<meta property=\"og:locale\" content=\"en_US\" \/>\n<meta property=\"og:type\" content=\"article\" \/>\n<meta property=\"og:title\" content=\"Pol\u00edticas de Cancelaci\u00f3n - Adriana Feito\" \/>\n<meta property=\"og:description\" content=\"Pol\u00edtica de Cancelaci\u00f3n y Modificaci\u00f3n de Sesiones Individuales Se negociar\u00e1 con el cliente o la clienta en cada caso concreto. No obstante, como regla general, si se cancela una sesi\u00f3n con menos de 24 horas de antelaci\u00f3n no se devolver\u00e1 el importe abonado previamente si el motivo se debe a causas ajenas a Adriana Feito. [&hellip;]\" \/>\n<meta property=\"og:url\" content=\"https:\/\/adrianafeito.com\/en\/politicas-de-cancelacion\/\" \/>\n<meta property=\"og:site_name\" content=\"Adriana Feito\" \/>\n<meta property=\"article:modified_time\" content=\"2024-12-20T15:38:21+00:00\" \/>\n<meta name=\"twitter:card\" content=\"summary_large_image\" \/>\n<meta name=\"twitter:label1\" content=\"Est. reading time\" \/>\n\t<meta name=\"twitter:data1\" content=\"2 minutes\" \/>\n<script type=\"application\/ld+json\" class=\"yoast-schema-graph\">{\"@context\":\"https:\/\/schema.org\",\"@graph\":[{\"@type\":\"WebPage\",\"@id\":\"https:\/\/adrianafeito.com\/politicas-de-cancelacion\/\",\"url\":\"https:\/\/adrianafeito.com\/politicas-de-cancelacion\/\",\"name\":\"Pol\u00edticas de Cancelaci\u00f3n - Adriana Feito\",\"isPartOf\":{\"@id\":\"https:\/\/adrianafeito.com\/#website\"},\"datePublished\":\"2024-10-24T15:30:41+00:00\",\"dateModified\":\"2024-12-20T15:38:21+00:00\",\"breadcrumb\":{\"@id\":\"https:\/\/adrianafeito.com\/politicas-de-cancelacion\/#breadcrumb\"},\"inLanguage\":\"en-US\",\"potentialAction\":[{\"@type\":\"ReadAction\",\"target\":[\"https:\/\/adrianafeito.com\/politicas-de-cancelacion\/\"]}]},{\"@type\":\"BreadcrumbList\",\"@id\":\"https:\/\/adrianafeito.com\/politicas-de-cancelacion\/#breadcrumb\",\"itemListElement\":[{\"@type\":\"ListItem\",\"position\":1,\"name\":\"Portada\",\"item\":\"https:\/\/adrianafeito.com\/\"},{\"@type\":\"ListItem\",\"position\":2,\"name\":\"Pol\u00edticas de Cancelaci\u00f3n\"}]},{\"@type\":\"WebSite\",\"@id\":\"https:\/\/adrianafeito.com\/#website\",\"url\":\"https:\/\/adrianafeito.com\/\",\"name\":\"Adriana Feito\",\"description\":\"\",\"potentialAction\":[{\"@type\":\"SearchAction\",\"target\":{\"@type\":\"EntryPoint\",\"urlTemplate\":\"https:\/\/adrianafeito.com\/?s={search_term_string}\"},\"query-input\":{\"@type\":\"PropertyValueSpecification\",\"valueRequired\":true,\"valueName\":\"search_term_string\"}}],\"inLanguage\":\"en-US\"}]}<\/script>\n<!-- \/ Yoast SEO plugin. -->","yoast_head_json":{"title":"Pol\u00edticas de Cancelaci\u00f3n - Adriana Feito","robots":{"index":"index","follow":"follow","max-snippet":"max-snippet:-1","max-image-preview":"max-image-preview:large","max-video-preview":"max-video-preview:-1"},"canonical":"https:\/\/adrianafeito.com\/en\/politicas-de-cancelacion\/","og_locale":"en_US","og_type":"article","og_title":"Pol\u00edticas de Cancelaci\u00f3n - Adriana Feito","og_description":"Pol\u00edtica de Cancelaci\u00f3n y Modificaci\u00f3n de Sesiones Individuales Se negociar\u00e1 con el cliente o la clienta en cada caso concreto. No obstante, como regla general, si se cancela una sesi\u00f3n con menos de 24 horas de antelaci\u00f3n no se devolver\u00e1 el importe abonado previamente si el motivo se debe a causas ajenas a Adriana Feito. [&hellip;]","og_url":"https:\/\/adrianafeito.com\/en\/politicas-de-cancelacion\/","og_site_name":"Adriana Feito","article_modified_time":"2024-12-20T15:38:21+00:00","twitter_card":"summary_large_image","twitter_misc":{"Est. reading time":"2 minutes"},"schema":{"@context":"https:\/\/schema.org","@graph":[{"@type":"WebPage","@id":"https:\/\/adrianafeito.com\/politicas-de-cancelacion\/","url":"https:\/\/adrianafeito.com\/politicas-de-cancelacion\/","name":"Pol\u00edticas de Cancelaci\u00f3n - Adriana Feito","isPartOf":{"@id":"https:\/\/adrianafeito.com\/#website"},"datePublished":"2024-10-24T15:30:41+00:00","dateModified":"2024-12-20T15:38:21+00:00","breadcrumb":{"@id":"https:\/\/adrianafeito.com\/politicas-de-cancelacion\/#breadcrumb"},"inLanguage":"en-US","potentialAction":[{"@type":"ReadAction","target":["https:\/\/adrianafeito.com\/politicas-de-cancelacion\/"]}]},{"@type":"BreadcrumbList","@id":"https:\/\/adrianafeito.com\/politicas-de-cancelacion\/#breadcrumb","itemListElement":[{"@type":"ListItem","position":1,"name":"Portada","item":"https:\/\/adrianafeito.com\/"},{"@type":"ListItem","position":2,"name":"Pol\u00edticas de Cancelaci\u00f3n"}]},{"@type":"WebSite","@id":"https:\/\/adrianafeito.com\/#website","url":"https:\/\/adrianafeito.com\/","name":"Adriana Feito","description":"","potentialAction":[{"@type":"SearchAction","target":{"@type":"EntryPoint","urlTemplate":"https:\/\/adrianafeito.com\/?s={search_term_string}"},"query-input":{"@type":"PropertyValueSpecification","valueRequired":true,"valueName":"search_term_string"}}],"inLanguage":"en-US"}]}},"_links":{"self":[{"href":"https:\/\/adrianafeito.com\/en\/wp-json\/wp\/v2\/pages\/833"}],"collection":[{"href":"https:\/\/adrianafeito.com\/en\/wp-json\/wp\/v2\/pages"}],"about":[{"href":"https:\/\/adrianafeito.com\/en\/wp-json\/wp\/v2\/types\/page"}],"author":[{"embeddable":true,"href":"https:\/\/adrianafeito.com\/en\/wp-json\/wp\/v2\/users\/2"}],"replies":[{"embeddable":true,"href":"https:\/\/adrianafeito.com\/en\/wp-json\/wp\/v2\/comments?post=833"}],"version-history":[{"count":7,"href":"https:\/\/adrianafeito.com\/en\/wp-json\/wp\/v2\/pages\/833\/revisions"}],"predecessor-version":[{"id":990,"href":"https:\/\/adrianafeito.com\/en\/wp-json\/wp\/v2\/pages\/833\/revisions\/990"}],"wp:attachment":[{"href":"https:\/\/adrianafeito.com\/en\/wp-json\/wp\/v2\/media?parent=833"}],"curies":[{"name":"wp","href":"https:\/\/api.w.org\/{rel}","templated":true}]}}